{"id":37,"date":"2011-03-05T10:10:26","date_gmt":"2011-03-05T10:10:26","guid":{"rendered":"http:\/\/www.berenmusavirlik.com\/?page_id=37"},"modified":"2011-03-05T10:10:26","modified_gmt":"2011-03-05T10:10:26","slug":"kooperatifler-mevzuati","status":"publish","type":"page","link":"http:\/\/www.berenmusavirlik.com\/?page_id=37","title":{"rendered":"Kooperatifler Mevzuat\u0131"},"content":{"rendered":"<p><a href=\"javascript:na_open_window('test', 'http:\/\/www.alomaliye.com\/kooperatif_ana_sayfa.htm', 120, 100, 960, 750, 0, 0, 1, 1, 1)\" target=\"_self\">Kooperatifler Mevzuat\u0131 Listesi \u0130\u00e7in T\u0131klay\u0131n<\/a><\/p>\n","protected":false},"excerpt":{"rendered":"<p>Kooperatifler Mevzuat\u0131 Listesi \u0130\u00e7in T\u0131klay\u0131n<\/p>\n","protected":false},"author":1,"featured_media":0,"parent":0,"menu_order":0,"comment_status":"closed","ping_status":"closed","template":"","meta":{"footnotes":""},"class_list":["post-37","page","type-page","status-publish","hentry"],"_links":{"self":[{"href":"http:\/\/www.berenmusavirlik.com\/index.php?rest_route=\/wp\/v2\/pages\/37","targetHints":{"allow":["GET"]}}],"collection":[{"href":"http:\/\/www.berenmusavirlik.com\/index.php?rest_route=\/wp\/v2\/pages"}],"about":[{"href":"http:\/\/www.berenmusavirlik.com\/index.php?rest_route=\/wp\/v2\/types\/page"}],"author":[{"embeddable":true,"href":"http:\/\/www.berenmusavirlik.com\/index.php?rest_route=\/wp\/v2\/users\/1"}],"replies":[{"embeddable":true,"href":"http:\/\/www.berenmusavirlik.com\/index.php?rest_route=%2Fwp%2Fv2%2Fcomments&post=37"}],"version-history":[{"count":1,"href":"http:\/\/www.berenmusavirlik.com\/index.php?rest_route=\/wp\/v2\/pages\/37\/revisions"}],"predecessor-version":[{"id":38,"href":"http:\/\/www.berenmusavirlik.com\/index.php?rest_route=\/wp\/v2\/pages\/37\/revisions\/38"}],"wp:attachment":[{"href":"http:\/\/www.berenmusavirlik.com\/index.php?rest_route=%2Fwp%2Fv2%2Fmedia&parent=37"}],"curies":[{"name":"wp","href":"https:\/\/api.w.org\/{rel}","templated":true}]}}