{"id":45,"date":"2011-03-05T10:12:04","date_gmt":"2011-03-05T10:12:04","guid":{"rendered":"http:\/\/www.berenmusavirlik.com\/?page_id=45"},"modified":"2018-11-06T11:59:22","modified_gmt":"2018-11-06T11:59:22","slug":"mukellef-panosu","status":"publish","type":"page","link":"http:\/\/www.berenmusavirlik.com\/?page_id=45","title":{"rendered":"M\u00fckellef Panosu"},"content":{"rendered":"<p>*** K\u0131ymetli m\u00fckelleflerimiz;<\/p>\n<p>Reel\u00a0(ger\u00e7ek) ekonomik ticaretin 2 kat\u0131\u00a0finansal (para)\u00a0ticareti yap\u0131lmaktad\u0131r. B\u00fct\u00fcn hesaplar\u0131n, planlar\u0131n, g\u00fcndemin\u00a0&#8230; para ticareti \u00fczerine (faiz v.b. enstr\u00fcmanlar) yap\u0131ld\u0131\u011f\u0131 d\u00f6nemde, <strong>sizler<\/strong>; daha az kazand\u0131ran ama \u00e7ok\u00e7a yoran, her ge\u00e7en g\u00fcn\u00a0daha zorlanan s\u00fcre\u00e7te\u00a0\u00fcretmeye ve ticarete devam eden\u00a0\u00a0kahramanlars\u0131n\u0131z. \u00c7ok uluslu \u015firketlere (\u00c7U\u015e) yem olmadan, \u00c7U\u015e&#8217;lar patron ve bizler \u00e7al\u0131\u015fan olmadan, b\u00fct\u00fcn olumsuzluklara ra\u011fmen \u00e7al\u0131\u015fmaya, \u00fcretmeye, ko\u015fmaya devam diyoruz. \u015eayet ko\u015fam\u0131yorsak yerimizde z\u0131plamam\u0131z gerekiyor. \u015eirketimizi ve kendimizi ne kadar canl\u0131 tutarsak sonucun \u00e7ok \u00e7ok iyi olaca\u011f\u0131na inan\u0131yoruz. \u015eiar\u0131m\u0131z; <em><span style=\"font-family: Arial;\"><strong><span style=\"color: #212121;\">&#8221;\u0130ki g\u00fcn\u00fc e\u015fit olan zarardad\u0131r.&#8221;<\/span><\/strong><span style=\"color: #212121;\">\u00a0<\/span><\/span><\/em><\/p>\n<p>Hay\u0131rl\u0131 i\u015fler, iyi \u00e7al\u0131\u015fmalar dileriz.<\/p>\n<p>Beren Mali M\u00fc\u015favirlik Ekibi.<\/p>\n","protected":false},"excerpt":{"rendered":"<p>*** K\u0131ymetli m\u00fckelleflerimiz; Reel\u00a0(ger\u00e7ek) ekonomik ticaretin 2 kat\u0131\u00a0finansal (para)\u00a0ticareti yap\u0131lmaktad\u0131r. B\u00fct\u00fcn hesaplar\u0131n, planlar\u0131n, g\u00fcndemin\u00a0&#8230; para ticareti \u00fczerine (faiz v.b. enstr\u00fcmanlar) yap\u0131ld\u0131\u011f\u0131 d\u00f6nemde, sizler; daha az kazand\u0131ran ama \u00e7ok\u00e7a yoran, her ge\u00e7en g\u00fcn\u00a0daha zorlanan s\u00fcre\u00e7te\u00a0\u00fcretmeye ve ticarete devam eden\u00a0\u00a0kahramanlars\u0131n\u0131z. \u00c7ok uluslu \u015firketlere (\u00c7U\u015e) yem olmadan, \u00c7U\u015e&#8217;lar patron ve bizler \u00e7al\u0131\u015fan olmadan, b\u00fct\u00fcn olumsuzluklara ra\u011fmen \u00e7al\u0131\u015fmaya, \u00fcretmeye, [&hellip;]<\/p>\n","protected":false},"author":1,"featured_media":0,"parent":0,"menu_order":0,"comment_status":"closed","ping_status":"closed","template":"","meta":{"footnotes":""},"class_list":["post-45","page","type-page","status-publish","hentry"],"_links":{"self":[{"href":"http:\/\/www.berenmusavirlik.com\/index.php?rest_route=\/wp\/v2\/pages\/45","targetHints":{"allow":["GET"]}}],"collection":[{"href":"http:\/\/www.berenmusavirlik.com\/index.php?rest_route=\/wp\/v2\/pages"}],"about":[{"href":"http:\/\/www.berenmusavirlik.com\/index.php?rest_route=\/wp\/v2\/types\/page"}],"author":[{"embeddable":true,"href":"http:\/\/www.berenmusavirlik.com\/index.php?rest_route=\/wp\/v2\/users\/1"}],"replies":[{"embeddable":true,"href":"http:\/\/www.berenmusavirlik.com\/index.php?rest_route=%2Fwp%2Fv2%2Fcomments&post=45"}],"version-history":[{"count":7,"href":"http:\/\/www.berenmusavirlik.com\/index.php?rest_route=\/wp\/v2\/pages\/45\/revisions"}],"predecessor-version":[{"id":5604,"href":"http:\/\/www.berenmusavirlik.com\/index.php?rest_route=\/wp\/v2\/pages\/45\/revisions\/5604"}],"wp:attachment":[{"href":"http:\/\/www.berenmusavirlik.com\/index.php?rest_route=%2Fwp%2Fv2%2Fmedia&parent=45"}],"curies":[{"name":"wp","href":"https:\/\/api.w.org\/{rel}","templated":true}]}}